{"id":1987,"date":"2025-07-17T09:35:05","date_gmt":"2025-07-17T07:35:05","guid":{"rendered":"https:\/\/niskimerak.at\/becka-snicla\/"},"modified":"2025-09-11T17:57:50","modified_gmt":"2025-09-11T15:57:50","slug":"becka-snicla","status":"publish","type":"page","link":"https:\/\/niskimerak.at\/sr\/becka-snicla\/","title":{"rendered":"Be\u010dka \u0161nicla"},"content":{"rendered":"\t\t<div data-elementor-type=\"wp-page\" data-elementor-id=\"1987\" class=\"elementor elementor-1987 elementor-1324\" data-elementor-post-type=\"page\">\n\t\t\t\t<div class=\"elementor-element elementor-element-7f24af23 e-con-full e-flex e-con e-parent\" data-id=\"7f24af23\" data-element_type=\"container\" data-e-type=\"container\" data-settings=\"{&quot;background_background&quot;:&quot;classic&quot;}\">\n\t\t\t\t<div class=\"elementor-element elementor-element-4b76dd45 elementor-widget elementor-widget-heading\" data-id=\"4b76dd45\" data-element_type=\"widget\" data-e-type=\"widget\" data-widget_type=\"heading.default\">\n\t\t\t\t<div class=\"elementor-widget-container\">\n\t\t\t\t\t<h2 class=\"elementor-heading-title elementor-size-default\">Be\u010dka \u0161nicla \n<\/h2>\t\t\t\t<\/div>\n\t\t\t\t<\/div>\n\t\t\t\t<div class=\"elementor-element elementor-element-30cded52 elementor-widget elementor-widget-heading\" data-id=\"30cded52\" data-element_type=\"widget\" data-e-type=\"widget\" data-widget_type=\"heading.default\">\n\t\t\t\t<div class=\"elementor-widget-container\">\n\t\t\t\t\t<h2 class=\"elementor-heading-title elementor-size-default\">Hrskavo, zlatno-braon i tradicionalno<\/h2>\t\t\t\t<\/div>\n\t\t\t\t<\/div>\n\t\t\t\t<\/div>\n\t\t<div class=\"elementor-element elementor-element-3fa2d3cf e-flex e-con-boxed e-con e-parent\" data-id=\"3fa2d3cf\" data-element_type=\"container\" data-e-type=\"container\">\n\t\t\t\t\t<div class=\"e-con-inner\">\n\t\t<div class=\"elementor-element elementor-element-18945467 e-flex e-con-boxed e-con e-child\" data-id=\"18945467\" data-element_type=\"container\" data-e-type=\"container\">\n\t\t\t\t\t<div class=\"e-con-inner\">\n\t\t\t\t<div class=\"elementor-element elementor-element-372e2d84 elementor-invisible elementor-widget elementor-widget-image\" data-id=\"372e2d84\" data-element_type=\"widget\" data-e-type=\"widget\" data-settings=\"{&quot;_animation&quot;:&quot;fadeInUp&quot;}\" data-widget_type=\"image.default\">\n\t\t\t\t<div class=\"elementor-widget-container\">\n\t\t\t\t\t\t\t\t\t\t\t\t\t\t\t<img fetchpriority=\"high\" decoding=\"async\" width=\"1600\" height=\"1049\" src=\"https:\/\/niskimerak.at\/wp-content\/uploads\/2025\/07\/wiener-schitzel.webp\" class=\"attachment-full size-full wp-image-1937\" alt=\"\" srcset=\"https:\/\/niskimerak.at\/wp-content\/uploads\/2025\/07\/wiener-schitzel.webp 1600w, https:\/\/niskimerak.at\/wp-content\/uploads\/2025\/07\/wiener-schitzel-300x197.webp 300w, https:\/\/niskimerak.at\/wp-content\/uploads\/2025\/07\/wiener-schitzel-1024x671.webp 1024w, https:\/\/niskimerak.at\/wp-content\/uploads\/2025\/07\/wiener-schitzel-768x504.webp 768w, https:\/\/niskimerak.at\/wp-content\/uploads\/2025\/07\/wiener-schitzel-1536x1007.webp 1536w\" sizes=\"(max-width: 1600px) 100vw, 1600px\" \/>\t\t\t\t\t\t\t\t\t\t\t\t\t\t\t<\/div>\n\t\t\t\t<\/div>\n\t\t\t\t<div class=\"elementor-element elementor-element-0d06e7d elementor-invisible elementor-widget elementor-widget-image\" data-id=\"0d06e7d\" data-element_type=\"widget\" data-e-type=\"widget\" data-settings=\"{&quot;_animation&quot;:&quot;fadeInUp&quot;}\" data-widget_type=\"image.default\">\n\t\t\t\t<div class=\"elementor-widget-container\">\n\t\t\t\t\t\t\t\t\t\t\t\t\t\t\t<img decoding=\"async\" width=\"1600\" height=\"737\" src=\"https:\/\/niskimerak.at\/wp-content\/uploads\/2025\/07\/wiener-schitzel-_-niski-merak.webp\" class=\"attachment-full size-full wp-image-1936\" alt=\"\" srcset=\"https:\/\/niskimerak.at\/wp-content\/uploads\/2025\/07\/wiener-schitzel-_-niski-merak.webp 1600w, https:\/\/niskimerak.at\/wp-content\/uploads\/2025\/07\/wiener-schitzel-_-niski-merak-300x138.webp 300w, https:\/\/niskimerak.at\/wp-content\/uploads\/2025\/07\/wiener-schitzel-_-niski-merak-1024x472.webp 1024w, https:\/\/niskimerak.at\/wp-content\/uploads\/2025\/07\/wiener-schitzel-_-niski-merak-768x354.webp 768w, https:\/\/niskimerak.at\/wp-content\/uploads\/2025\/07\/wiener-schitzel-_-niski-merak-1536x708.webp 1536w\" sizes=\"(max-width: 1600px) 100vw, 1600px\" \/>\t\t\t\t\t\t\t\t\t\t\t\t\t\t\t<\/div>\n\t\t\t\t<\/div>\n\t\t\t\t\t<\/div>\n\t\t\t\t<\/div>\n\t\t<div class=\"elementor-element elementor-element-3323669e e-flex e-con-boxed e-con e-child\" data-id=\"3323669e\" data-element_type=\"container\" data-e-type=\"container\">\n\t\t\t\t\t<div class=\"e-con-inner\">\n\t\t\t\t<div class=\"elementor-element elementor-element-762d441e elementor-widget__width-inherit elementor-invisible elementor-widget elementor-widget-heading\" data-id=\"762d441e\" data-element_type=\"widget\" data-e-type=\"widget\" data-settings=\"{&quot;_animation&quot;:&quot;fadeInUp&quot;}\" data-widget_type=\"heading.default\">\n\t\t\t\t<div class=\"elementor-widget-container\">\n\t\t\t\t\t<h2 class=\"elementor-heading-title elementor-size-default\">Be\u010dka \u0161nicla <\/h2>\t\t\t\t<\/div>\n\t\t\t\t<\/div>\n\t\t\t\t<div class=\"elementor-element elementor-element-21f77460 elementor-widget elementor-widget-text-editor\" data-id=\"21f77460\" data-element_type=\"widget\" data-e-type=\"widget\" data-widget_type=\"text-editor.default\">\n\t\t\t\t<div class=\"elementor-widget-container\">\n\t\t\t\t\t\t\t\t\t<p><span style=\"font-weight: 400;\">Be\u010dka \u0161nicla je tradicionalno jelo iz balkanske kuhinje i prava je poslastica za ljubitelje jagnjetine. Radi se o ne\u017enim jagnje\u0107im kotletima, koji su marinirani u posebnoj me\u0161avini za\u010dina i savr\u0161eno pripremljeni na ro\u0161tilju. Jagnje\u0107e meso dobija predivno hrskavu koricu, a istovremeno ostaje ne\u017eno i so\u010dno iznutra. Ovo jelo predstavlja strast i ume\u0107e sa kojima se pripremaju jela balkanskog regiona.   <\/span><\/p><p><span style=\"font-weight: 400;\">Na\u0161a be\u010dka \u0161nicla se priprema od visokokvalitetnog jagnje\u0107eg mesa, koje pa\u017eljivo biramo kako bismo osigurali da je najboljeg kvaliteta. Marinada od sve\u017eeg bilja i za\u010dina obezbe\u0111uje uravnote\u017eenu aromu koja savr\u0161eno dopunjuje ne\u017eno jagnje\u0107e meso. Na ro\u0161tilju se meso pa\u017eljivo pe\u010de, tako da prirodne arome jagnje\u0107eg mesa optimalno dolaze do izra\u017eaja.  <\/span><\/p><p><span style=\"font-weight: 400;\">Jelo se tradicionalno slu\u017ei uz prilog od sve\u017eeg povr\u0107a ili porciju pirin\u010da, ali se i hrskavi pomfrit odli\u010dno sla\u017ee uz njega. Be\u010dka \u0161nicla je oli\u010denje kvaliteta i majstorstva \u2013 jelo koje predstavlja nezaboravno gastronomsko iskustvo kako za iskusnog gurmana, tako i za radoznalog sladokusca. Savr\u0161eno za svaki sve\u010dani obrok ili jednostavno za posebno ve\u010de.  <\/span><\/p><p><span style=\"font-weight: 400;\">Be\u010dka \u0161nicla je mnogo vi\u0161e od samog jela \u2013 ona je simbol duboke kulinarske istorije regiona. Iako se prvenstveno povezuje sa Austrijom, ima mnogo poklonika i varijanti i na Balkanu. Posebno upotreba jagnje\u0107eg mesa daje ovom klasiku jedinstvenu notu. Meso se obla\u017ee hrskavom panadom i pa\u017eljivo pr\u017ei, tako da je spolja zlatno-braon i hrskavo, dok iznutra ostaje ne\u017eno i so\u010dno. Hrskavost panade u kombinaciji sa ne\u017enom teksturom jagnjetine pru\u017ea neuporedivo gastronomsko iskustvo.    <\/span><\/p><p><span style=\"font-weight: 400;\">Za pripremu be\u010dke \u0161nicle biraju se visokokvalitetni sastojci koji isti\u010du \u010disti ukus mesa. Lagana me\u0161avina bilja u panadi, kao i da\u0161ak limunovog soka na gotovoj \u0161nicli, \u010dine jelo uravnote\u017eenom kompozicijom ukusa. Posebno je ukusno kada se slu\u017ei uz jednostavan prilog poput krompir salate ili hrskavog pomfrita.  <\/span><\/p><p><span style=\"font-weight: 400;\">Priprema be\u010dke \u0161nicle zahteva preciznu tehniku, ali i mnogo ljubavi prema detaljima. To je jelo koje spaja tradiciju i modernost i svakom obroku daje poseban sjaj. <\/span><\/p><p data-start=\"174\" data-end=\"778\">Istorija be\u010dke \u0161nicle se\u017ee daleko u pro\u0161lost i obele\u017eena je razli\u010ditim kulturnim uticajima. \u010cesto se pretpostavlja da jelo poti\u010de iz Austrije, ali istori\u010dari sumnjaju da je bilo poznato ve\u0107 u 15. veku u severnoj Italiji. Tamo je sli\u010dno jelo pripremano pod nazivom \u201eCotoletta alla Milanese\u201c \u2013 pohovana tele\u0107a \u0161nicla pr\u017eena na puteru. Ova italijanska varijanta je navodno stigla u Be\u010d u 19. veku preko Habzbur\u0161ke monarhije, gde je dalje razvijena i postala poznata pod nazivom \u201eBe\u010dka \u0161nicla\u201c.   <\/p><p data-start=\"780\" data-end=\"1316\">Be\u010dka \u0161nicla je prvi put pisano pomenuta 1831. godine u austrijskom kuvaru. Od tada se razvila u jedno od najpoznatijih jela austrijske i srednjoevropske kuhinje. Vremenom su nastale brojne regionalne varijacije \u2013 ne samo sa teletinom, ve\u0107 i sa svinjetinom, piletinom ili, kao u balkanskom regionu, sa jagnje\u0107im mesom. Ove adaptacije odra\u017eavaju raznolikost lokalnih kulinarskih kultura i pokazuju kako je prvobitno jednostavno jelo moglo postati kulinarski simbol.    <\/p><p data-start=\"780\" data-end=\"1316\">Be\u010dka \u0161nicla predstavlja gostoprimstvo, tradiciju i u\u017eivanje.<\/p>\t\t\t\t\t\t\t\t<\/div>\n\t\t\t\t<\/div>\n\t\t\t\t\t<\/div>\n\t\t\t\t<\/div>\n\t\t\t\t\t<\/div>\n\t\t\t\t<\/div>\n\t\t<div class=\"elementor-element elementor-element-3fe26213 e-flex e-con-boxed e-con e-parent\" data-id=\"3fe26213\" data-element_type=\"container\" data-e-type=\"container\">\n\t\t\t\t\t<div class=\"e-con-inner\">\n\t\t\t\t\t<\/div>\n\t\t\t\t<\/div>\n\t\t\t\t<section class=\"elementor-section elementor-top-section elementor-element elementor-element-17a565b9 elementor-section-content-middle elementor-section-boxed elementor-section-height-default elementor-section-height-default\" data-id=\"17a565b9\" data-element_type=\"section\" data-e-type=\"section\" data-settings=\"{&quot;background_background&quot;:&quot;classic&quot;}\">\n\t\t\t\t\t\t\t<div class=\"elementor-background-overlay\"><\/div>\n\t\t\t\t\t\t\t<div class=\"elementor-container elementor-column-gap-default\">\n\t\t\t\t\t<div class=\"elementor-column elementor-col-100 elementor-top-column elementor-element elementor-element-6b3f36f3\" data-id=\"6b3f36f3\" data-element_type=\"column\" data-e-type=\"column\">\n\t\t\t<div class=\"elementor-widget-wrap elementor-element-populated\">\n\t\t\t\t\t\t<section class=\"elementor-section elementor-inner-section elementor-element elementor-element-4e5e9917 elementor-section-boxed elementor-section-height-default elementor-section-height-default\" data-id=\"4e5e9917\" data-element_type=\"section\" data-e-type=\"section\">\n\t\t\t\t\t\t<div class=\"elementor-container elementor-column-gap-default\">\n\t\t\t\t\t<div class=\"elementor-column elementor-col-50 elementor-inner-column elementor-element elementor-element-7dd3cc20 elementor-invisible\" data-id=\"7dd3cc20\" data-element_type=\"column\" data-e-type=\"column\" data-settings=\"{&quot;background_background&quot;:&quot;classic&quot;,&quot;animation&quot;:&quot;fadeInRight&quot;}\">\n\t\t\t<div class=\"elementor-widget-wrap elementor-element-populated\">\n\t\t\t\t\t\t<div class=\"elementor-element elementor-element-56e54571 elementor-widget elementor-widget-heading\" data-id=\"56e54571\" data-element_type=\"widget\" data-e-type=\"widget\" data-widget_type=\"heading.default\">\n\t\t\t\t<div class=\"elementor-widget-container\">\n\t\t\t\t\t<h6 class=\"elementor-heading-title elementor-size-default\">\u041d\u0438\u0448\u043a\u0438 \u043c\u0435\u0440\u0430\u043a<\/h6>\t\t\t\t<\/div>\n\t\t\t\t<\/div>\n\t\t\t\t<div class=\"elementor-element elementor-element-6bed3aa9 elementor-widget elementor-widget-heading\" data-id=\"6bed3aa9\" data-element_type=\"widget\" data-e-type=\"widget\" data-widget_type=\"heading.default\">\n\t\t\t\t<div class=\"elementor-widget-container\">\n\t\t\t\t\t<h2 class=\"elementor-heading-title elementor-size-default\">\u041d\u0430\u0448\u0435 \u0432\u0440\u0435\u0434\u043d\u043e\u0441\u0442\u0438 \u0443 \u041d\u0438\u0448\u043a\u043e\u043c \u043c\u0435\u0440\u0430\u043a\u0443\n\n<\/h2>\t\t\t\t<\/div>\n\t\t\t\t<\/div>\n\t\t\t\t<div class=\"elementor-element elementor-element-7d90a9c7 elementor-widget elementor-widget-text-editor\" data-id=\"7d90a9c7\" data-element_type=\"widget\" data-e-type=\"widget\" data-widget_type=\"text-editor.default\">\n\t\t\t\t<div class=\"elementor-widget-container\">\n\t\t\t\t\t\t\t\t\t<p data-start=\"84\" data-end=\"554\">U Ni\u0161kom Meraku, kvalitet, gostoprimstvo i autenti\u010dnost su u centru pa\u017enje. Koristimo sve\u017ee, visokokvalitetne sastojke i svako jelo pripremamo sa posve\u0107eno\u0161\u0107u i pa\u017enjom.  Po\u0161tovanje i zajedni\u0161tvo oblikuju na\u0161 tim i stvaraju prijatnu atmosferu. Kod nas je svaki gost srda\u010dno dobrodo\u0161ao. <\/p>\t\t\t\t\t\t\t\t<\/div>\n\t\t\t\t<\/div>\n\t\t\t\t<div class=\"elementor-element elementor-element-136f91e3 elementor-widget-divider--view-line elementor-widget elementor-widget-divider\" data-id=\"136f91e3\" data-element_type=\"widget\" data-e-type=\"widget\" data-widget_type=\"divider.default\">\n\t\t\t\t<div class=\"elementor-widget-container\">\n\t\t\t\t\t\t\t<div class=\"elementor-divider\">\n\t\t\t<span class=\"elementor-divider-separator\">\n\t\t\t\t\t\t<\/span>\n\t\t<\/div>\n\t\t\t\t\t\t<\/div>\n\t\t\t\t<\/div>\n\t\t\t\t\t<\/div>\n\t\t<\/div>\n\t\t\t\t<div class=\"elementor-column elementor-col-50 elementor-inner-column elementor-element elementor-element-44d06f88 elementor-invisible\" data-id=\"44d06f88\" data-element_type=\"column\" data-e-type=\"column\" data-settings=\"{&quot;background_background&quot;:&quot;classic&quot;,&quot;animation&quot;:&quot;fadeInLeft&quot;}\">\n\t\t\t<div class=\"elementor-widget-wrap elementor-element-populated\">\n\t\t\t\t\t\t<div class=\"elementor-element elementor-element-6f84f539 elementor-position-inline-start elementor-view-default elementor-mobile-position-block-start elementor-widget elementor-widget-icon-box\" data-id=\"6f84f539\" data-element_type=\"widget\" data-e-type=\"widget\" data-widget_type=\"icon-box.default\">\n\t\t\t\t<div class=\"elementor-widget-container\">\n\t\t\t\t\t\t\t<div class=\"elementor-icon-box-wrapper\">\n\n\t\t\t\t\t\t<div class=\"elementor-icon-box-icon\">\n\t\t\t\t<span  class=\"elementor-icon\">\n\t\t\t\t<i aria-hidden=\"true\" class=\"icon icon-Coffee-cup\"><\/i>\t\t\t\t<\/span>\n\t\t\t<\/div>\n\t\t\t\n\t\t\t\t\t\t<div class=\"elementor-icon-box-content\">\n\n\t\t\t\t\t\t\t\t\t<h4 class=\"elementor-icon-box-title\">\n\t\t\t\t\t\t<span  >\n\t\t\t\t\t\t\tKvalitet i sve\u017eina\t\t\t\t\t\t<\/span>\n\t\t\t\t\t<\/h4>\n\t\t\t\t\n\t\t\t\t\t\t\t\t\t<p class=\"elementor-icon-box-description\">\n\t\t\t\t\t\tMi se oslanjamo na najvi\u0161i kvalitet i sve\u017einu. Samo najbolji sastojci pronalaze put do na\u0161e kuhinje, kako bismo Vam ponudili jela koja osvajaju nepatvorenim ukusom i prirodnom sve\u017einom. Na\u0161a jela nisu samo ukusna, ve\u0107 i zdrava i hranljiva.   \n\n\t\t\t\t\t<\/p>\n\t\t\t\t\n\t\t\t<\/div>\n\t\t\t\n\t\t<\/div>\n\t\t\t\t\t\t<\/div>\n\t\t\t\t<\/div>\n\t\t\t\t<div class=\"elementor-element elementor-element-6d00a915 elementor-position-inline-start elementor-view-default elementor-mobile-position-block-start elementor-widget elementor-widget-icon-box\" data-id=\"6d00a915\" data-element_type=\"widget\" data-e-type=\"widget\" data-widget_type=\"icon-box.default\">\n\t\t\t\t<div class=\"elementor-widget-container\">\n\t\t\t\t\t\t\t<div class=\"elementor-icon-box-wrapper\">\n\n\t\t\t\t\t\t<div class=\"elementor-icon-box-icon\">\n\t\t\t\t<span  class=\"elementor-icon\">\n\t\t\t\t<i aria-hidden=\"true\" class=\"icon icon-drink-glass\"><\/i>\t\t\t\t<\/span>\n\t\t\t<\/div>\n\t\t\t\n\t\t\t\t\t\t<div class=\"elementor-icon-box-content\">\n\n\t\t\t\t\t\t\t\t\t<h4 class=\"elementor-icon-box-title\">\n\t\t\t\t\t\t<span  >\n\t\t\t\t\t\t\tGostoprimstvo\t\t\t\t\t\t<\/span>\n\t\t\t\t\t<\/h4>\n\t\t\t\t\n\t\t\t\t\t\t\t\t\t<p class=\"elementor-icon-box-description\">\n\t\t\t\t\t\tGostoprimstvo je srce na\u0161eg restorana. Svaki gost treba da se ose\u0107a kao kod ku\u0107e kod nas. Na\u0161 posve\u0107eni tim se brine da Va\u0161a poseta bude potpuno prijatna. Nudimo Vam vi\u0161e od samo dobre hrane \u2013 kod nas \u0107ete do\u017eiveti pravu toplinu i pa\u017enju.    \t\t\t\t\t<\/p>\n\t\t\t\t\n\t\t\t<\/div>\n\t\t\t\n\t\t<\/div>\n\t\t\t\t\t\t<\/div>\n\t\t\t\t<\/div>\n\t\t\t\t\t<\/div>\n\t\t<\/div>\n\t\t\t\t\t<\/div>\n\t\t<\/section>\n\t\t\t\t\t<\/div>\n\t\t<\/div>\n\t\t\t\t\t<\/div>\n\t\t<\/section>\n\t\t\t\t<\/div>\n\t\t","protected":false},"excerpt":{"rendered":"<p>Be\u010dka \u0161nicla Hrskavo, zlatno-braon i tradicionalno Be\u010dka \u0161nicla Be\u010dka \u0161nicla je tradicionalno jelo iz balkanske kuhinje i prava je poslastica za ljubitelje jagnjetine. Radi se o ne\u017enim jagnje\u0107im kotletima, koji su marinirani u posebnoj me\u0161avini za\u010dina i savr\u0161eno pripremljeni na ro\u0161tilju. Jagnje\u0107e meso dobija predivno hrskavu koricu, a istovremeno ostaje ne\u017eno i so\u010dno iznutra. Ovo [&hellip;]<\/p>\n","protected":false},"author":1,"featured_media":0,"parent":0,"menu_order":0,"comment_status":"closed","ping_status":"closed","template":"elementor_header_footer","meta":{"footnotes":""},"class_list":["post-1987","page","type-page","status-publish","hentry"],"_links":{"self":[{"href":"https:\/\/niskimerak.at\/sr\/wp-json\/wp\/v2\/pages\/1987","targetHints":{"allow":["GET"]}}],"collection":[{"href":"https:\/\/niskimerak.at\/sr\/wp-json\/wp\/v2\/pages"}],"about":[{"href":"https:\/\/niskimerak.at\/sr\/wp-json\/wp\/v2\/types\/page"}],"author":[{"embeddable":true,"href":"https:\/\/niskimerak.at\/sr\/wp-json\/wp\/v2\/users\/1"}],"replies":[{"embeddable":true,"href":"https:\/\/niskimerak.at\/sr\/wp-json\/wp\/v2\/comments?post=1987"}],"version-history":[{"count":1,"href":"https:\/\/niskimerak.at\/sr\/wp-json\/wp\/v2\/pages\/1987\/revisions"}],"predecessor-version":[{"id":1988,"href":"https:\/\/niskimerak.at\/sr\/wp-json\/wp\/v2\/pages\/1987\/revisions\/1988"}],"wp:attachment":[{"href":"https:\/\/niskimerak.at\/sr\/wp-json\/wp\/v2\/media?parent=1987"}],"curies":[{"name":"wp","href":"https:\/\/api.w.org\/{rel}","templated":true}]}}