{"id":1971,"date":"2025-07-17T10:20:04","date_gmt":"2025-07-17T08:20:04","guid":{"rendered":"https:\/\/niskimerak.at\/punjeni-svinjski-kare-sa-pomfritom\/"},"modified":"2025-09-11T17:37:29","modified_gmt":"2025-09-11T15:37:29","slug":"punjeni-svinjski-kare-sa-pomfritom","status":"publish","type":"page","link":"https:\/\/niskimerak.at\/sr\/punjeni-svinjski-kare-sa-pomfritom\/","title":{"rendered":"Punjeni svinjski kare sa pomfritom"},"content":{"rendered":"\t\t<div data-elementor-type=\"wp-page\" data-elementor-id=\"1971\" class=\"elementor elementor-1971 elementor-1336\" data-elementor-post-type=\"page\">\n\t\t\t\t<div class=\"elementor-element elementor-element-69c95ad0 e-con-full e-flex e-con e-parent\" data-id=\"69c95ad0\" data-element_type=\"container\" data-e-type=\"container\" data-settings=\"{&quot;background_background&quot;:&quot;classic&quot;}\">\n\t\t\t\t<div class=\"elementor-element elementor-element-1350159 elementor-widget elementor-widget-heading\" data-id=\"1350159\" data-element_type=\"widget\" data-e-type=\"widget\" data-widget_type=\"heading.default\">\n\t\t\t\t<div class=\"elementor-widget-container\">\n\t\t\t\t\t<h2 class=\"elementor-heading-title elementor-size-default\">Punjeni svinjski kare sa pomfritom\n<\/h2>\t\t\t\t<\/div>\n\t\t\t\t<\/div>\n\t\t\t\t<div class=\"elementor-element elementor-element-2fc138e0 elementor-widget elementor-widget-heading\" data-id=\"2fc138e0\" data-element_type=\"widget\" data-e-type=\"widget\" data-widget_type=\"heading.default\">\n\t\t\t\t<div class=\"elementor-widget-container\">\n\t\t\t\t\t<h2 class=\"elementor-heading-title elementor-size-default\">Neuporedivo so\u010dno  aromati\u010dno<\/h2>\t\t\t\t<\/div>\n\t\t\t\t<\/div>\n\t\t\t\t<\/div>\n\t\t<div class=\"elementor-element elementor-element-1c839024 e-flex e-con-boxed e-con e-parent\" data-id=\"1c839024\" data-element_type=\"container\" data-e-type=\"container\">\n\t\t\t\t\t<div class=\"e-con-inner\">\n\t\t<div class=\"elementor-element elementor-element-263ac8ff e-flex e-con-boxed e-con e-child\" data-id=\"263ac8ff\" data-element_type=\"container\" data-e-type=\"container\">\n\t\t\t\t\t<div class=\"e-con-inner\">\n\t\t\t\t<div class=\"elementor-element elementor-element-283a1cec elementor-invisible elementor-widget elementor-widget-image\" data-id=\"283a1cec\" data-element_type=\"widget\" data-e-type=\"widget\" data-settings=\"{&quot;_animation&quot;:&quot;fadeInUp&quot;}\" data-widget_type=\"image.default\">\n\t\t\t\t<div class=\"elementor-widget-container\">\n\t\t\t\t\t\t\t\t\t\t\t\t\t\t\t<img fetchpriority=\"high\" decoding=\"async\" width=\"800\" height=\"1200\" src=\"https:\/\/niskimerak.at\/wp-content\/uploads\/2024\/06\/A7400089.webp\" class=\"attachment-full size-full wp-image-1896\" alt=\"\" srcset=\"https:\/\/niskimerak.at\/wp-content\/uploads\/2024\/06\/A7400089.webp 800w, https:\/\/niskimerak.at\/wp-content\/uploads\/2024\/06\/A7400089-200x300.webp 200w, https:\/\/niskimerak.at\/wp-content\/uploads\/2024\/06\/A7400089-683x1024.webp 683w, https:\/\/niskimerak.at\/wp-content\/uploads\/2024\/06\/A7400089-768x1152.webp 768w\" sizes=\"(max-width: 800px) 100vw, 800px\" \/>\t\t\t\t\t\t\t\t\t\t\t\t\t\t\t<\/div>\n\t\t\t\t<\/div>\n\t\t\t\t\t<\/div>\n\t\t\t\t<\/div>\n\t\t<div class=\"elementor-element elementor-element-6411031c e-flex e-con-boxed e-con e-child\" data-id=\"6411031c\" data-element_type=\"container\" data-e-type=\"container\">\n\t\t\t\t\t<div class=\"e-con-inner\">\n\t\t\t\t<div class=\"elementor-element elementor-element-11f1915e elementor-widget__width-inherit elementor-invisible elementor-widget elementor-widget-heading\" data-id=\"11f1915e\" data-element_type=\"widget\" data-e-type=\"widget\" data-settings=\"{&quot;_animation&quot;:&quot;fadeInUp&quot;}\" data-widget_type=\"heading.default\">\n\t\t\t\t<div class=\"elementor-widget-container\">\n\t\t\t\t\t<h2 class=\"elementor-heading-title elementor-size-default\">Punjeni svinjski kare sa pomfritom\n<\/h2>\t\t\t\t<\/div>\n\t\t\t\t<\/div>\n\t\t\t\t<div class=\"elementor-element elementor-element-7e32080d elementor-widget elementor-widget-text-editor\" data-id=\"7e32080d\" data-element_type=\"widget\" data-e-type=\"widget\" data-widget_type=\"text-editor.default\">\n\t\t\t\t<div class=\"elementor-widget-container\">\n\t\t\t\t\t\t\t\t\t<p><span style=\"font-weight: 400;\">Na\u0161 punjeni svinjski kare je pravo remek-delo balkanske kuhinje. Kare se puni ukusnom me\u0161avinom sve\u017eeg bilja, za\u010dina i drugih sastojaka, koji dodatno poja\u010davaju ukus mesa. Klju\u010dna stvar kod ovog jela je priprema: svinjski kare se priprema tako da meso spolja dobije hrskavu, zlatnu koricu, dok iznutra ostaje mekano i so\u010dno. Ukus je zaokru\u017een i harmoni\u010dan, sa blagim, ali impresivnim za\u010dinom.   <\/span><\/p><p><span style=\"font-weight: 400;\">Nadev, koji biramo za na\u0161 svinjski kare, sastoji se od sitno seckanog bilja, belog luka i ponekad trunke \u0161unke ili slanine. Ovi sastojci se stapaju u aromati\u010dnu me\u0161avinu koja kare \u010dini so\u010dnim i ukusnim iznutra. Kada ise\u010dete prvi komad, bi\u0107ete odu\u0161evljeni predivnim mirisom i ne\u017enom teksturom mesa.  <\/span><\/p><p><span style=\"font-weight: 400;\">Jelo se tradicionalno slu\u017ei sa hrskavim pomfritom, koji se savr\u0161eno sla\u017ee sa bogatim ukusom svinjskog karea. Fini sos zaokru\u017euje jelo i osigurava da svaki zalogaj bude pravi u\u017eitak. Punjeni svinjski kare sa pomfritom je savr\u0161eno jelo za goste koji \u017eude za kombinacijom ne\u017enog mesa i izda\u0161nih aroma. Idealan je za zajedni\u010dki obrok ili kao poseban vrhunac sve\u010dane ve\u010dere.   <\/span><\/p><p><span style=\"font-weight: 400;\">Punjeni svinjski kare je izvanredan primer prefinjene umetnosti balkanske kuhinje. Punjenjem karea pa\u017eljivo uskla\u0111enom me\u0161avinom bilja, za\u010dina i drugih sastojaka poput \u0161unke i belog luka, meso dobija dodatnu dimenziju ukusa. Korica koja se stvara tokom pe\u010denja pru\u017ea divan kontrast ne\u017enom nadevu od mesa i \u010dini svaki komad pravim u\u017eitkom.  <\/span><\/p><p><span style=\"font-weight: 400;\">Posebno je zna\u010dajno to \u0161to svinjski kare ne samo da spolja postaje hrskav, ve\u0107 i iznutra ostaje izuzetno so\u010dan. Meso zadr\u017eava svoju prirodnu vla\u017enost, dok istovremeno upija arome nadeva. Uz to, fini sos i sve\u017ei pomfrit \u2013 to \u010dini jelo pravim vrhuncem svakog obroka.  <\/span><\/p><p><span style=\"font-weight: 400;\">Punjeni svinjski kare je idealan za sve\u010dane prilike ili posebne ve\u010dere, jer svojim rasko\u0161nim izgledom i prepoznatljivim ukusom impresionira kako vizuelno, tako i kulinarski. Odli\u010dno je za ve\u0107e obroke sa porodicom ili prijateljima i garantuje zadovoljne goste. <\/span><\/p>\t\t\t\t\t\t\t\t<\/div>\n\t\t\t\t<\/div>\n\t\t\t\t\t<\/div>\n\t\t\t\t<\/div>\n\t\t\t\t\t<\/div>\n\t\t\t\t<\/div>\n\t\t<div class=\"elementor-element elementor-element-7a241bbe e-flex e-con-boxed e-con e-parent\" data-id=\"7a241bbe\" data-element_type=\"container\" data-e-type=\"container\">\n\t\t\t\t\t<div class=\"e-con-inner\">\n\t\t\t\t\t<\/div>\n\t\t\t\t<\/div>\n\t\t\t\t<section class=\"elementor-section elementor-top-section elementor-element elementor-element-434a6338 elementor-section-content-middle elementor-section-boxed elementor-section-height-default elementor-section-height-default\" data-id=\"434a6338\" data-element_type=\"section\" data-e-type=\"section\" data-settings=\"{&quot;background_background&quot;:&quot;classic&quot;}\">\n\t\t\t\t\t\t\t<div class=\"elementor-background-overlay\"><\/div>\n\t\t\t\t\t\t\t<div class=\"elementor-container elementor-column-gap-default\">\n\t\t\t\t\t<div class=\"elementor-column elementor-col-100 elementor-top-column elementor-element elementor-element-28808c68\" data-id=\"28808c68\" data-element_type=\"column\" data-e-type=\"column\">\n\t\t\t<div class=\"elementor-widget-wrap elementor-element-populated\">\n\t\t\t\t\t\t<section class=\"elementor-section elementor-inner-section elementor-element elementor-element-3351c5a9 elementor-section-boxed elementor-section-height-default elementor-section-height-default\" data-id=\"3351c5a9\" data-element_type=\"section\" data-e-type=\"section\">\n\t\t\t\t\t\t<div class=\"elementor-container elementor-column-gap-default\">\n\t\t\t\t\t<div class=\"elementor-column elementor-col-50 elementor-inner-column elementor-element elementor-element-7bfcf9dd elementor-invisible\" data-id=\"7bfcf9dd\" data-element_type=\"column\" data-e-type=\"column\" data-settings=\"{&quot;background_background&quot;:&quot;classic&quot;,&quot;animation&quot;:&quot;fadeInRight&quot;}\">\n\t\t\t<div class=\"elementor-widget-wrap elementor-element-populated\">\n\t\t\t\t\t\t<div class=\"elementor-element elementor-element-370afc01 elementor-widget elementor-widget-heading\" data-id=\"370afc01\" data-element_type=\"widget\" data-e-type=\"widget\" data-widget_type=\"heading.default\">\n\t\t\t\t<div class=\"elementor-widget-container\">\n\t\t\t\t\t<h6 class=\"elementor-heading-title elementor-size-default\">\u041d\u0438\u0448\u043a\u0438 \u043c\u0435\u0440\u0430\u043a<\/h6>\t\t\t\t<\/div>\n\t\t\t\t<\/div>\n\t\t\t\t<div class=\"elementor-element elementor-element-e042d45 elementor-widget elementor-widget-heading\" data-id=\"e042d45\" data-element_type=\"widget\" data-e-type=\"widget\" data-widget_type=\"heading.default\">\n\t\t\t\t<div class=\"elementor-widget-container\">\n\t\t\t\t\t<h2 class=\"elementor-heading-title elementor-size-default\">\u041d\u0430\u0448\u0435 \u0432\u0440\u0435\u0434\u043d\u043e\u0441\u0442\u0438 \u0443 \u041d\u0438\u0448\u043a\u043e\u043c \u043c\u0435\u0440\u0430\u043a\u0443\n\n<\/h2>\t\t\t\t<\/div>\n\t\t\t\t<\/div>\n\t\t\t\t<div class=\"elementor-element elementor-element-61128ca9 elementor-widget elementor-widget-text-editor\" data-id=\"61128ca9\" data-element_type=\"widget\" data-e-type=\"widget\" data-widget_type=\"text-editor.default\">\n\t\t\t\t<div class=\"elementor-widget-container\">\n\t\t\t\t\t\t\t\t\t<p data-start=\"84\" data-end=\"554\">U Ni\u0161kom Meraku, kvalitet, gostoprimstvo i autenti\u010dnost su u centru pa\u017enje. Koristimo sve\u017ee, visokokvalitetne sastojke i svako jelo pripremamo sa posve\u0107eno\u0161\u0107u i pa\u017enjom.  Po\u0161tovanje i zajedni\u0161tvo oblikuju na\u0161 tim i stvaraju prijatnu atmosferu. Kod nas je svaki gost srda\u010dno dobrodo\u0161ao. <\/p>\t\t\t\t\t\t\t\t<\/div>\n\t\t\t\t<\/div>\n\t\t\t\t<div class=\"elementor-element elementor-element-353544dd elementor-widget-divider--view-line elementor-widget elementor-widget-divider\" data-id=\"353544dd\" data-element_type=\"widget\" data-e-type=\"widget\" data-widget_type=\"divider.default\">\n\t\t\t\t<div class=\"elementor-widget-container\">\n\t\t\t\t\t\t\t<div class=\"elementor-divider\">\n\t\t\t<span class=\"elementor-divider-separator\">\n\t\t\t\t\t\t<\/span>\n\t\t<\/div>\n\t\t\t\t\t\t<\/div>\n\t\t\t\t<\/div>\n\t\t\t\t\t<\/div>\n\t\t<\/div>\n\t\t\t\t<div class=\"elementor-column elementor-col-50 elementor-inner-column elementor-element elementor-element-27a90d9b elementor-invisible\" data-id=\"27a90d9b\" data-element_type=\"column\" data-e-type=\"column\" data-settings=\"{&quot;background_background&quot;:&quot;classic&quot;,&quot;animation&quot;:&quot;fadeInLeft&quot;}\">\n\t\t\t<div class=\"elementor-widget-wrap elementor-element-populated\">\n\t\t\t\t\t\t<div class=\"elementor-element elementor-element-52f537e elementor-position-inline-start elementor-view-default elementor-mobile-position-block-start elementor-widget elementor-widget-icon-box\" data-id=\"52f537e\" data-element_type=\"widget\" data-e-type=\"widget\" data-widget_type=\"icon-box.default\">\n\t\t\t\t<div class=\"elementor-widget-container\">\n\t\t\t\t\t\t\t<div class=\"elementor-icon-box-wrapper\">\n\n\t\t\t\t\t\t<div class=\"elementor-icon-box-icon\">\n\t\t\t\t<span  class=\"elementor-icon\">\n\t\t\t\t<i aria-hidden=\"true\" class=\"icon icon-Coffee-cup\"><\/i>\t\t\t\t<\/span>\n\t\t\t<\/div>\n\t\t\t\n\t\t\t\t\t\t<div class=\"elementor-icon-box-content\">\n\n\t\t\t\t\t\t\t\t\t<h4 class=\"elementor-icon-box-title\">\n\t\t\t\t\t\t<span  >\n\t\t\t\t\t\t\t\u041a\u0432\u0430\u043b\u0438\u0442\u0435\u0442 \u0438 \u0441\u0432\u0435\u0436\u0438\u043d\u0430\t\t\t\t\t\t<\/span>\n\t\t\t\t\t<\/h4>\n\t\t\t\t\n\t\t\t\t\t\t\t\t\t<p class=\"elementor-icon-box-description\">\n\t\t\t\t\t\t\u041c\u0438 \u0441\u0435 \u043e\u0441\u043b\u0430\u045a\u0430\u043c\u043e \u043d\u0430 \u043d\u0430\u0458\u0432\u0438\u0448\u0438 \u043a\u0432\u0430\u043b\u0438\u0442\u0435\u0442 \u0438 \u0441\u0432\u0435\u0436\u0438\u043d\u0443. \u0421\u0430\u043c\u043e \u043d\u0430\u0458\u0431\u043e\u0459\u0438 \u0441\u0430\u0441\u0442\u043e\u0458\u0446\u0438 \u043d\u0430\u043b\u0430\u0437\u0435 \u043f\u0443\u0442 \u0434\u043e \u043d\u0430\u0448\u0435 \u043a\u0443\u0445\u0438\u045a\u0435 \u043a\u0430\u043a\u043e \u0431\u0438\u0441\u043c\u043e \u0432\u0430\u043c \u043f\u043e\u043d\u0443\u0434\u0438\u043b\u0438 \u0458\u0435\u043b\u0430 \u043a\u043e\u0458\u0430 \u043e\u0434\u0443\u0448\u0435\u0432\u0459\u0430\u0432\u0430\u0458\u0443 \u0430\u0443\u0442\u0435\u043d\u0442\u0438\u0447\u043d\u0438\u043c \u0443\u043a\u0443\u0441\u043e\u043c \u0438 \u043f\u0440\u0438\u0440\u043e\u0434\u043d\u043e\u043c \u0441\u0432\u0435\u0436\u0438\u043d\u043e\u043c. \u041d\u0430\u0448\u0430 \u0445\u0440\u0430\u043d\u0430 \u043d\u0438\u0458\u0435 \u0441\u0430\u043c\u043e \u0443\u043a\u0443\u0441\u043d\u0430, \u0432\u0435\u045b \u0438 \u0437\u0434\u0440\u0430\u0432\u0430 \u0438 \u0445\u0440\u0430\u043d\u0459\u0438\u0432\u0430.   \n\n\t\t\t\t\t<\/p>\n\t\t\t\t\n\t\t\t<\/div>\n\t\t\t\n\t\t<\/div>\n\t\t\t\t\t\t<\/div>\n\t\t\t\t<\/div>\n\t\t\t\t<div class=\"elementor-element elementor-element-2444defd elementor-position-inline-start elementor-view-default elementor-mobile-position-block-start elementor-widget elementor-widget-icon-box\" data-id=\"2444defd\" data-element_type=\"widget\" data-e-type=\"widget\" data-widget_type=\"icon-box.default\">\n\t\t\t\t<div class=\"elementor-widget-container\">\n\t\t\t\t\t\t\t<div class=\"elementor-icon-box-wrapper\">\n\n\t\t\t\t\t\t<div class=\"elementor-icon-box-icon\">\n\t\t\t\t<span  class=\"elementor-icon\">\n\t\t\t\t<i aria-hidden=\"true\" class=\"icon icon-drink-glass\"><\/i>\t\t\t\t<\/span>\n\t\t\t<\/div>\n\t\t\t\n\t\t\t\t\t\t<div class=\"elementor-icon-box-content\">\n\n\t\t\t\t\t\t\t\t\t<h4 class=\"elementor-icon-box-title\">\n\t\t\t\t\t\t<span  >\n\t\t\t\t\t\t\t\u0413\u043e\u0441\u0442\u043e\u043f\u0440\u0438\u043c\u0441\u0442\u0432\u043e\t\t\t\t\t\t<\/span>\n\t\t\t\t\t<\/h4>\n\t\t\t\t\n\t\t\t\t\t\t\t\t\t<p class=\"elementor-icon-box-description\">\n\t\t\t\t\t\t\u0413\u043e\u0441\u0442\u043e\u043f\u0440\u0438\u043c\u0441\u0442\u0432\u043e \u0458\u0435 \u0441\u0440\u0446\u0435 \u043d\u0430\u0448\u0435\u0433 \u0440\u0435\u0441\u0442\u043e\u0440\u0430\u043d\u0430. \u0421\u0432\u0430\u043a\u0438 \u0433\u043e\u0441\u0442 \u0442\u0440\u0435\u0431\u0430 \u0434\u0430 \u0441\u0435 \u043e\u0441\u0435\u045b\u0430 \u043a\u0430\u043e \u043a\u043e\u0434 \u043a\u0443\u045b\u0435. \u041d\u0430\u0448 \u043f\u043e\u0441\u0432\u0435\u045b\u0435\u043d\u0438 \u0442\u0438\u043c \u0441\u0435 \u0431\u0440\u0438\u043d\u0435 \u0434\u0430 \u0432\u0430\u0448\u0430 \u043f\u043e\u0441\u0435\u0442\u0430 \u0431\u0443\u0434\u0435 \u0443 \u043f\u043e\u0442\u043f\u0443\u043d\u043e\u0441\u0442\u0438 \u043f\u0440\u0438\u0458\u0430\u0442\u043d\u0430. \u041d\u0443\u0434\u0438\u043c\u043e \u0432\u0430\u043c \u0432\u0438\u0448\u0435 \u043e\u0434 \u0434\u043e\u0431\u0440\u0435 \u0445\u0440\u0430\u043d\u0435 \u2013 \u043a\u043e\u0434 \u043d\u0430\u0441 \u0434\u043e\u0436\u0438\u0432\u0459\u0430\u0432\u0430\u0442\u0435 \u043f\u0440\u0430\u0432\u0443 \u0442\u043e\u043f\u043b\u0438\u043d\u0443 \u0438 \u043f\u0430\u0436\u045a\u0443.    \t\t\t\t\t<\/p>\n\t\t\t\t\n\t\t\t<\/div>\n\t\t\t\n\t\t<\/div>\n\t\t\t\t\t\t<\/div>\n\t\t\t\t<\/div>\n\t\t\t\t\t<\/div>\n\t\t<\/div>\n\t\t\t\t\t<\/div>\n\t\t<\/section>\n\t\t\t\t\t<\/div>\n\t\t<\/div>\n\t\t\t\t\t<\/div>\n\t\t<\/section>\n\t\t\t\t<\/div>\n\t\t","protected":false},"excerpt":{"rendered":"<p>Punjeni svinjski kare sa pomfritom Neuporedivo so\u010dno aromati\u010dno Punjeni svinjski kare sa pomfritom Na\u0161 punjeni svinjski kare je pravo remek-delo balkanske kuhinje. Kare se puni ukusnom me\u0161avinom sve\u017eeg bilja, za\u010dina i drugih sastojaka, koji dodatno poja\u010davaju ukus mesa. Klju\u010dna stvar kod ovog jela je priprema: svinjski kare se priprema tako da meso spolja dobije hrskavu, [&hellip;]<\/p>\n","protected":false},"author":1,"featured_media":0,"parent":0,"menu_order":0,"comment_status":"closed","ping_status":"closed","template":"elementor_header_footer","meta":{"footnotes":""},"class_list":["post-1971","page","type-page","status-publish","hentry"],"_links":{"self":[{"href":"https:\/\/niskimerak.at\/sr\/wp-json\/wp\/v2\/pages\/1971","targetHints":{"allow":["GET"]}}],"collection":[{"href":"https:\/\/niskimerak.at\/sr\/wp-json\/wp\/v2\/pages"}],"about":[{"href":"https:\/\/niskimerak.at\/sr\/wp-json\/wp\/v2\/types\/page"}],"author":[{"embeddable":true,"href":"https:\/\/niskimerak.at\/sr\/wp-json\/wp\/v2\/users\/1"}],"replies":[{"embeddable":true,"href":"https:\/\/niskimerak.at\/sr\/wp-json\/wp\/v2\/comments?post=1971"}],"version-history":[{"count":1,"href":"https:\/\/niskimerak.at\/sr\/wp-json\/wp\/v2\/pages\/1971\/revisions"}],"predecessor-version":[{"id":1972,"href":"https:\/\/niskimerak.at\/sr\/wp-json\/wp\/v2\/pages\/1971\/revisions\/1972"}],"wp:attachment":[{"href":"https:\/\/niskimerak.at\/sr\/wp-json\/wp\/v2\/media?parent=1971"}],"curies":[{"name":"wp","href":"https:\/\/api.w.org\/{rel}","templated":true}]}}