{"id":1622,"date":"2025-07-17T10:30:31","date_gmt":"2025-07-17T08:30:31","guid":{"rendered":"https:\/\/niskimerak.at\/merak-platter\/"},"modified":"2025-09-08T19:44:37","modified_gmt":"2025-09-08T17:44:37","slug":"merak-platter","status":"publish","type":"page","link":"https:\/\/niskimerak.at\/en\/merak-platter\/","title":{"rendered":"Merak Platter"},"content":{"rendered":"\t\t<div data-elementor-type=\"wp-page\" data-elementor-id=\"1622\" class=\"elementor elementor-1622 elementor-1365\" data-elementor-post-type=\"page\">\n\t\t\t\t<div class=\"elementor-element elementor-element-758d0aab e-con-full e-flex e-con e-parent\" data-id=\"758d0aab\" data-element_type=\"container\" data-e-type=\"container\" data-settings=\"{&quot;background_background&quot;:&quot;classic&quot;}\">\n\t\t\t\t<div class=\"elementor-element elementor-element-529e57bc elementor-widget elementor-widget-heading\" data-id=\"529e57bc\" data-element_type=\"widget\" data-e-type=\"widget\" data-widget_type=\"heading.default\">\n\t\t\t\t<div class=\"elementor-widget-container\">\n\t\t\t\t\t<h2 class=\"elementor-heading-title elementor-size-default\">Merak Platter<\/h2>\t\t\t\t<\/div>\n\t\t\t\t<\/div>\n\t\t\t\t<div class=\"elementor-element elementor-element-12be7944 elementor-widget elementor-widget-heading\" data-id=\"12be7944\" data-element_type=\"widget\" data-e-type=\"widget\" data-widget_type=\"heading.default\">\n\t\t\t\t<div class=\"elementor-widget-container\">\n\t\t\t\t\t<h2 class=\"elementor-heading-title elementor-size-default\">The taste of the Balkans on a plate\n<\/h2>\t\t\t\t<\/div>\n\t\t\t\t<\/div>\n\t\t\t\t<\/div>\n\t\t<div class=\"elementor-element elementor-element-76367f48 e-flex e-con-boxed e-con e-parent\" data-id=\"76367f48\" data-element_type=\"container\" data-e-type=\"container\">\n\t\t\t\t\t<div class=\"e-con-inner\">\n\t\t<div class=\"elementor-element elementor-element-3447de7e e-flex e-con-boxed e-con e-child\" data-id=\"3447de7e\" data-element_type=\"container\" data-e-type=\"container\">\n\t\t\t\t\t<div class=\"e-con-inner\">\n\t\t\t\t<div class=\"elementor-element elementor-element-a836525 elementor-invisible elementor-widget elementor-widget-image\" data-id=\"a836525\" data-element_type=\"widget\" data-e-type=\"widget\" data-settings=\"{&quot;_animation&quot;:&quot;fadeInUp&quot;}\" data-widget_type=\"image.default\">\n\t\t\t\t<div class=\"elementor-widget-container\">\n\t\t\t\t\t\t\t\t\t\t\t\t\t\t\t<img fetchpriority=\"high\" decoding=\"async\" width=\"1067\" height=\"1600\" src=\"https:\/\/niskimerak.at\/wp-content\/uploads\/2025\/07\/niski-merak-platte.webp\" class=\"attachment-full size-full wp-image-1624\" alt=\"\" srcset=\"https:\/\/niskimerak.at\/wp-content\/uploads\/2025\/07\/niski-merak-platte.webp 1067w, https:\/\/niskimerak.at\/wp-content\/uploads\/2025\/07\/niski-merak-platte-200x300.webp 200w, https:\/\/niskimerak.at\/wp-content\/uploads\/2025\/07\/niski-merak-platte-683x1024.webp 683w, https:\/\/niskimerak.at\/wp-content\/uploads\/2025\/07\/niski-merak-platte-768x1152.webp 768w, https:\/\/niskimerak.at\/wp-content\/uploads\/2025\/07\/niski-merak-platte-1024x1536.webp 1024w\" sizes=\"(max-width: 1067px) 100vw, 1067px\" \/>\t\t\t\t\t\t\t\t\t\t\t\t\t\t\t<\/div>\n\t\t\t\t<\/div>\n\t\t\t\t<div class=\"elementor-element elementor-element-9240da6 gallery-spacing-custom elementor-widget elementor-widget-image-gallery\" data-id=\"9240da6\" data-element_type=\"widget\" data-e-type=\"widget\" data-widget_type=\"image-gallery.default\">\n\t\t\t\t<div class=\"elementor-widget-container\">\n\t\t\t\t\t\t\t<div class=\"elementor-image-gallery\">\n\t\t\t<div id='gallery-1' class='gallery galleryid-1622 gallery-columns-4 gallery-size-thumbnail'><figure class='gallery-item'>\n\t\t\t<div class='gallery-icon landscape'>\n\t\t\t\t<a data-elementor-open-lightbox=\"yes\" data-elementor-lightbox-slideshow=\"9240da6\" data-elementor-lightbox-title=\"Niski Merak Platter2\" data-e-action-hash=\"#elementor-action%3Aaction%3Dlightbox%26settings%3DeyJpZCI6MTYyMywidXJsIjoiaHR0cHM6XC9cL25pc2tpbWVyYWsuYXRcL3dwLWNvbnRlbnRcL3VwbG9hZHNcLzIwMjVcLzA3XC9uaXNraS1tZXJhay1wbGF0dGUyLndlYnAiLCJzbGlkZXNob3ciOiI5MjQwZGE2In0%3D\" href='https:\/\/niskimerak.at\/wp-content\/uploads\/2025\/07\/niski-merak-platte2.webp'><img decoding=\"async\" width=\"150\" height=\"150\" src=\"https:\/\/niskimerak.at\/wp-content\/uploads\/2025\/07\/niski-merak-platte2-150x150.webp\" class=\"attachment-thumbnail size-thumbnail\" alt=\"\" \/><\/a>\n\t\t\t<\/div><\/figure><figure class='gallery-item'>\n\t\t\t<div class='gallery-icon portrait'>\n\t\t\t\t<a data-elementor-open-lightbox=\"yes\" data-elementor-lightbox-slideshow=\"9240da6\" data-elementor-lightbox-title=\"Niski Merak Platter\" data-e-action-hash=\"#elementor-action%3Aaction%3Dlightbox%26settings%3DeyJpZCI6MTYyNCwidXJsIjoiaHR0cHM6XC9cL25pc2tpbWVyYWsuYXRcL3dwLWNvbnRlbnRcL3VwbG9hZHNcLzIwMjVcLzA3XC9uaXNraS1tZXJhay1wbGF0dGUud2VicCIsInNsaWRlc2hvdyI6IjkyNDBkYTYifQ%3D%3D\" href='https:\/\/niskimerak.at\/wp-content\/uploads\/2025\/07\/niski-merak-platte.webp'><img decoding=\"async\" width=\"150\" height=\"150\" src=\"https:\/\/niskimerak.at\/wp-content\/uploads\/2025\/07\/niski-merak-platte-150x150.webp\" class=\"attachment-thumbnail size-thumbnail\" alt=\"\" \/><\/a>\n\t\t\t<\/div><\/figure><figure class='gallery-item'>\n\t\t\t<div class='gallery-icon landscape'>\n\t\t\t\t<a data-elementor-open-lightbox=\"yes\" data-elementor-lightbox-slideshow=\"9240da6\" data-elementor-lightbox-title=\"A7400653\" data-e-action-hash=\"#elementor-action%3Aaction%3Dlightbox%26settings%3DeyJpZCI6MTYyNiwidXJsIjoiaHR0cHM6XC9cL25pc2tpbWVyYWsuYXRcL3dwLWNvbnRlbnRcL3VwbG9hZHNcLzIwMjVcLzA3XC9BNzQwMDY1My53ZWJwIiwic2xpZGVzaG93IjoiOTI0MGRhNiJ9\" href='https:\/\/niskimerak.at\/wp-content\/uploads\/2025\/07\/A7400653.webp'><img loading=\"lazy\" decoding=\"async\" width=\"150\" height=\"150\" src=\"https:\/\/niskimerak.at\/wp-content\/uploads\/2025\/07\/A7400653-150x150.webp\" class=\"attachment-thumbnail size-thumbnail\" alt=\"\" \/><\/a>\n\t\t\t<\/div><\/figure><figure class='gallery-item'>\n\t\t\t<div class='gallery-icon landscape'>\n\t\t\t\t<a data-elementor-open-lightbox=\"yes\" data-elementor-lightbox-slideshow=\"9240da6\" data-elementor-lightbox-title=\"A7400654\" data-e-action-hash=\"#elementor-action%3Aaction%3Dlightbox%26settings%3DeyJpZCI6MTYyNSwidXJsIjoiaHR0cHM6XC9cL25pc2tpbWVyYWsuYXRcL3dwLWNvbnRlbnRcL3VwbG9hZHNcLzIwMjVcLzA3XC9BNzQwMDY1NC53ZWJwIiwic2xpZGVzaG93IjoiOTI0MGRhNiJ9\" href='https:\/\/niskimerak.at\/wp-content\/uploads\/2025\/07\/A7400654.webp'><img loading=\"lazy\" decoding=\"async\" width=\"150\" height=\"150\" src=\"https:\/\/niskimerak.at\/wp-content\/uploads\/2025\/07\/A7400654-150x150.webp\" class=\"attachment-thumbnail size-thumbnail\" alt=\"\" \/><\/a>\n\t\t\t<\/div><\/figure>\n\t\t<\/div>\n\t\t<\/div>\n\t\t\t\t\t\t<\/div>\n\t\t\t\t<\/div>\n\t\t\t\t\t<\/div>\n\t\t\t\t<\/div>\n\t\t<div class=\"elementor-element elementor-element-20c5b371 e-flex e-con-boxed e-con e-child\" data-id=\"20c5b371\" data-element_type=\"container\" data-e-type=\"container\">\n\t\t\t\t\t<div class=\"e-con-inner\">\n\t\t\t\t<div class=\"elementor-element elementor-element-1852a1cf elementor-widget__width-inherit elementor-invisible elementor-widget elementor-widget-heading\" data-id=\"1852a1cf\" data-element_type=\"widget\" data-e-type=\"widget\" data-settings=\"{&quot;_animation&quot;:&quot;fadeInUp&quot;}\" data-widget_type=\"heading.default\">\n\t\t\t\t<div class=\"elementor-widget-container\">\n\t\t\t\t\t<h2 class=\"elementor-heading-title elementor-size-default\">Merak Platter<\/h2>\t\t\t\t<\/div>\n\t\t\t\t<\/div>\n\t\t\t\t<div class=\"elementor-element elementor-element-48a5f3f4 elementor-widget elementor-widget-text-editor\" data-id=\"48a5f3f4\" data-element_type=\"widget\" data-e-type=\"widget\" data-widget_type=\"text-editor.default\">\n\t\t\t\t<div class=\"elementor-widget-container\">\n\t\t\t\t\t\t\t\t\t<p><span style=\"font-weight: 400;\">The Merak Platter is the epitome of Balkan taste and a true highlight for anyone who can&#8217;t decide. On this platter, you&#8217;ll find a variety of the most popular and delicious specialties of Balkan cuisine \u2013 a mix of hearty Cevapcici, juicy grilled meat, spicy sausages, and a portion of fresh Shopska salad. This platter is a feast for all senses and offers a perfect opportunity to discover the diversity and richness of Balkan cuisine.  <\/span><\/p><p><span style=\"font-weight: 400;\">Every dish on the Merak Platter is prepared with the utmost care and the best ingredients. The \u0106evap\u010di\u0107i are shaped from a special blend of beef and lamb and perfectly grilled. The grilled skewers and juicy grilled meat are also a highlight, with a unique spice blend that provides the typical hearty flavor. The sausages are freshly prepared and offer an additional flavor component that wonderfully complements the other dishes. Additionally, there&#8217;s Shopska salad, which with its fresh ingredients and creamy sheep&#8217;s cheese, makes for a light yet delicious side dish.    <\/span><\/p><p><span style=\"font-weight: 400;\">The Merak Platter is ideal for anyone who wants to enjoy a variety of flavors. It&#8217;s perfect for groups or couples who want to experience the diversity of Balkan cuisine together. This dish is not just a meal, but an experience \u2013 a journey through the flavors and traditions of the Balkans, served on a plate.  <\/span><\/p><p><span style=\"font-weight: 400;\">The Merak Platter combines a variety of the most popular dishes from the Balkan region on one plate, thus offering a true explosion of flavors. With a mix of juicy Cevapcici, spicy grilled meat, delicious sausages, and a refreshing Shopska salad, this platter is a feast that appeals to all senses. <\/span><\/p><p><span style=\"font-weight: 400;\">Every element of the Merak Platter is prepared with the utmost care and attention to detail. The Cevapcici, shaped from a special meat blend and grilled, perfectly complement the other grilled meat pieces. The fresh salad not only offers a healthy side dish but also a taste contrast to the hearty meat dishes.  <\/span><\/p><p><span style=\"font-weight: 400;\">The Merak Platter is excellent for larger groups or as a meal where every guest can be tempted by the variety of flavors. It is the perfect dish to experience authentic Balkan cuisine. <\/span><\/p><p data-start=\"153\" data-end=\"844\">The Merak Platter is not only a culinary experience but also a reflection of Balkan food culture, where conviviality, enjoyment, and diversity are central. The term &#8220;Merak&#8221; originates from the South Slavic linguistic area and means something like joy of life, enjoyment, or the conscious experience of beautiful moments \u2013 and that is exactly what this dish embodies. In addition to the classic meat components, the Merak Platter often includes tender chicken skewers or pork steaks, marinated with bell peppers and onions. In some regions, it is served with homemade Ajvar \u2013 a spicy bell pepper and eggplant paste that pairs excellently with the grilled specialties.   <\/p><p data-start=\"846\" data-end=\"1293\">Another highlight is the traditional flatbread (Lepinja), which is freshly baked and served warm with the platter. It&#8217;s perfect for soaking up the flavors of the various meats and side dishes. Often, pickled bell peppers, hot chili peppers, or a dollop of Kajmak are also served with it \u2013 a creamy dairy specialty that tastes like a mix of cream cheese and cream and harmonizes wonderfully, especially with \u0106evap\u010di\u0107i.  <\/p><p data-start=\"1295\" data-end=\"1878\" data-is-last-node=\"\" data-is-only-node=\"\">The Merak Platter is more than just a meal \u2013 it&#8217;s a culinary expression of the Balkan way of life. Whether at a family celebration, a social evening with friends, or as a festive main course in the restaurant \u2013 it brings people together and lets them experience the region&#8217;s diversity in an authentic way. Vegetarians also get their money&#8217;s worth thanks to alternative side dish options like grilled vegetables, Djuvec rice, or baked potatoes. The Merak Platter impressively shows how Balkan cuisine can create a true feast with simple yet high-quality ingredients.   <\/p>\t\t\t\t\t\t\t\t<\/div>\n\t\t\t\t<\/div>\n\t\t\t\t\t<\/div>\n\t\t\t\t<\/div>\n\t\t\t\t\t<\/div>\n\t\t\t\t<\/div>\n\t\t<div class=\"elementor-element elementor-element-11c6d75a e-flex e-con-boxed e-con e-parent\" data-id=\"11c6d75a\" data-element_type=\"container\" data-e-type=\"container\">\n\t\t\t\t\t<div class=\"e-con-inner\">\n\t\t\t\t\t<\/div>\n\t\t\t\t<\/div>\n\t\t\t\t<section class=\"elementor-section elementor-top-section elementor-element elementor-element-632aad08 elementor-section-content-middle elementor-section-boxed elementor-section-height-default elementor-section-height-default\" data-id=\"632aad08\" data-element_type=\"section\" data-e-type=\"section\" data-settings=\"{&quot;background_background&quot;:&quot;classic&quot;}\">\n\t\t\t\t\t\t\t<div class=\"elementor-background-overlay\"><\/div>\n\t\t\t\t\t\t\t<div class=\"elementor-container elementor-column-gap-default\">\n\t\t\t\t\t<div class=\"elementor-column elementor-col-100 elementor-top-column elementor-element elementor-element-59db4c6d\" data-id=\"59db4c6d\" data-element_type=\"column\" data-e-type=\"column\">\n\t\t\t<div class=\"elementor-widget-wrap elementor-element-populated\">\n\t\t\t\t\t\t<section class=\"elementor-section elementor-inner-section elementor-element elementor-element-6bcf1726 elementor-section-boxed elementor-section-height-default elementor-section-height-default\" data-id=\"6bcf1726\" data-element_type=\"section\" data-e-type=\"section\">\n\t\t\t\t\t\t<div class=\"elementor-container elementor-column-gap-default\">\n\t\t\t\t\t<div class=\"elementor-column elementor-col-50 elementor-inner-column elementor-element elementor-element-3a6557bc elementor-invisible\" data-id=\"3a6557bc\" data-element_type=\"column\" data-e-type=\"column\" data-settings=\"{&quot;background_background&quot;:&quot;classic&quot;,&quot;animation&quot;:&quot;fadeInRight&quot;}\">\n\t\t\t<div class=\"elementor-widget-wrap elementor-element-populated\">\n\t\t\t\t\t\t<div class=\"elementor-element elementor-element-66069b2d elementor-widget elementor-widget-heading\" data-id=\"66069b2d\" data-element_type=\"widget\" data-e-type=\"widget\" data-widget_type=\"heading.default\">\n\t\t\t\t<div class=\"elementor-widget-container\">\n\t\t\t\t\t<h6 class=\"elementor-heading-title elementor-size-default\">Ni\u0161ki Merak<\/h6>\t\t\t\t<\/div>\n\t\t\t\t<\/div>\n\t\t\t\t<div class=\"elementor-element elementor-element-2a76a1ee elementor-widget elementor-widget-heading\" data-id=\"2a76a1ee\" data-element_type=\"widget\" data-e-type=\"widget\" data-widget_type=\"heading.default\">\n\t\t\t\t<div class=\"elementor-widget-container\">\n\t\t\t\t\t<h2 class=\"elementor-heading-title elementor-size-default\">Our Values at Niski Merak\n\n<\/h2>\t\t\t\t<\/div>\n\t\t\t\t<\/div>\n\t\t\t\t<div class=\"elementor-element elementor-element-1191eb1e elementor-widget elementor-widget-text-editor\" data-id=\"1191eb1e\" data-element_type=\"widget\" data-e-type=\"widget\" data-widget_type=\"text-editor.default\">\n\t\t\t\t<div class=\"elementor-widget-container\">\n\t\t\t\t\t\t\t\t\t<p data-start=\"84\" data-end=\"554\">At Ni\u0161ki Merak, quality, hospitality, and authenticity are central. We rely on fresh, high-quality ingredients and prepare every dish with dedication and care. Respect and cohesion characterize our team and create a pleasant atmosphere. Every guest is warmly welcome here.   <\/p>\t\t\t\t\t\t\t\t<\/div>\n\t\t\t\t<\/div>\n\t\t\t\t<div class=\"elementor-element elementor-element-6571230b elementor-widget-divider--view-line elementor-widget elementor-widget-divider\" data-id=\"6571230b\" data-element_type=\"widget\" data-e-type=\"widget\" data-widget_type=\"divider.default\">\n\t\t\t\t<div class=\"elementor-widget-container\">\n\t\t\t\t\t\t\t<div class=\"elementor-divider\">\n\t\t\t<span class=\"elementor-divider-separator\">\n\t\t\t\t\t\t<\/span>\n\t\t<\/div>\n\t\t\t\t\t\t<\/div>\n\t\t\t\t<\/div>\n\t\t\t\t\t<\/div>\n\t\t<\/div>\n\t\t\t\t<div class=\"elementor-column elementor-col-50 elementor-inner-column elementor-element elementor-element-536cd385 elementor-invisible\" data-id=\"536cd385\" data-element_type=\"column\" data-e-type=\"column\" data-settings=\"{&quot;background_background&quot;:&quot;classic&quot;,&quot;animation&quot;:&quot;fadeInLeft&quot;}\">\n\t\t\t<div class=\"elementor-widget-wrap elementor-element-populated\">\n\t\t\t\t\t\t<div class=\"elementor-element elementor-element-7247d60e elementor-position-inline-start elementor-view-default elementor-mobile-position-block-start elementor-widget elementor-widget-icon-box\" data-id=\"7247d60e\" data-element_type=\"widget\" data-e-type=\"widget\" data-widget_type=\"icon-box.default\">\n\t\t\t\t<div class=\"elementor-widget-container\">\n\t\t\t\t\t\t\t<div class=\"elementor-icon-box-wrapper\">\n\n\t\t\t\t\t\t<div class=\"elementor-icon-box-icon\">\n\t\t\t\t<span  class=\"elementor-icon\">\n\t\t\t\t<i aria-hidden=\"true\" class=\"icon icon-Coffee-cup\"><\/i>\t\t\t\t<\/span>\n\t\t\t<\/div>\n\t\t\t\n\t\t\t\t\t\t<div class=\"elementor-icon-box-content\">\n\n\t\t\t\t\t\t\t\t\t<h4 class=\"elementor-icon-box-title\">\n\t\t\t\t\t\t<span  >\n\t\t\t\t\t\t\tQuality and Freshness\t\t\t\t\t\t<\/span>\n\t\t\t\t\t<\/h4>\n\t\t\t\t\n\t\t\t\t\t\t\t\t\t<p class=\"elementor-icon-box-description\">\n\t\t\t\t\t\tWe focus on the highest quality and freshness. Only the best ingredients find their way into our kitchen to offer you dishes that impress with their authentic taste and natural freshness. Our dishes are not only delicious but also healthy and nutritious.   \n\n\t\t\t\t\t<\/p>\n\t\t\t\t\n\t\t\t<\/div>\n\t\t\t\n\t\t<\/div>\n\t\t\t\t\t\t<\/div>\n\t\t\t\t<\/div>\n\t\t\t\t<div class=\"elementor-element elementor-element-2d491502 elementor-position-inline-start elementor-view-default elementor-mobile-position-block-start elementor-widget elementor-widget-icon-box\" data-id=\"2d491502\" data-element_type=\"widget\" data-e-type=\"widget\" data-widget_type=\"icon-box.default\">\n\t\t\t\t<div class=\"elementor-widget-container\">\n\t\t\t\t\t\t\t<div class=\"elementor-icon-box-wrapper\">\n\n\t\t\t\t\t\t<div class=\"elementor-icon-box-icon\">\n\t\t\t\t<span  class=\"elementor-icon\">\n\t\t\t\t<i aria-hidden=\"true\" class=\"icon icon-drink-glass\"><\/i>\t\t\t\t<\/span>\n\t\t\t<\/div>\n\t\t\t\n\t\t\t\t\t\t<div class=\"elementor-icon-box-content\">\n\n\t\t\t\t\t\t\t\t\t<h4 class=\"elementor-icon-box-title\">\n\t\t\t\t\t\t<span  >\n\t\t\t\t\t\t\tHospitality\t\t\t\t\t\t<\/span>\n\t\t\t\t\t<\/h4>\n\t\t\t\t\n\t\t\t\t\t\t\t\t\t<p class=\"elementor-icon-box-description\">\n\t\t\t\t\t\tHospitality is the heart of our restaurant. Every guest should feel at home with us. Our dedicated team ensures that your visit is thoroughly enjoyable. We offer you more than just good food \u2013 with us, you experience genuine warmth and care.    \t\t\t\t\t<\/p>\n\t\t\t\t\n\t\t\t<\/div>\n\t\t\t\n\t\t<\/div>\n\t\t\t\t\t\t<\/div>\n\t\t\t\t<\/div>\n\t\t\t\t\t<\/div>\n\t\t<\/div>\n\t\t\t\t\t<\/div>\n\t\t<\/section>\n\t\t\t\t\t<\/div>\n\t\t<\/div>\n\t\t\t\t\t<\/div>\n\t\t<\/section>\n\t\t\t\t<\/div>\n\t\t","protected":false},"excerpt":{"rendered":"<p>Merak Platter The taste of the Balkans on a plate Merak Platter The Merak Platter is the epitome of Balkan taste and a true highlight for anyone who can&#8217;t decide. On this platter, you&#8217;ll find a variety of the most popular and delicious specialties of Balkan cuisine \u2013 a mix of hearty Cevapcici, juicy grilled [&hellip;]<\/p>\n","protected":false},"author":1,"featured_media":0,"parent":0,"menu_order":0,"comment_status":"closed","ping_status":"closed","template":"elementor_header_footer","meta":{"footnotes":""},"class_list":["post-1622","page","type-page","status-publish","hentry"],"_links":{"self":[{"href":"https:\/\/niskimerak.at\/en\/wp-json\/wp\/v2\/pages\/1622","targetHints":{"allow":["GET"]}}],"collection":[{"href":"https:\/\/niskimerak.at\/en\/wp-json\/wp\/v2\/pages"}],"about":[{"href":"https:\/\/niskimerak.at\/en\/wp-json\/wp\/v2\/types\/page"}],"author":[{"embeddable":true,"href":"https:\/\/niskimerak.at\/en\/wp-json\/wp\/v2\/users\/1"}],"replies":[{"embeddable":true,"href":"https:\/\/niskimerak.at\/en\/wp-json\/wp\/v2\/comments?post=1622"}],"version-history":[{"count":1,"href":"https:\/\/niskimerak.at\/en\/wp-json\/wp\/v2\/pages\/1622\/revisions"}],"predecessor-version":[{"id":1627,"href":"https:\/\/niskimerak.at\/en\/wp-json\/wp\/v2\/pages\/1622\/revisions\/1627"}],"wp:attachment":[{"href":"https:\/\/niskimerak.at\/en\/wp-json\/wp\/v2\/media?parent=1622"}],"curies":[{"name":"wp","href":"https:\/\/api.w.org\/{rel}","templated":true}]}}